{"id":2,"date":"2025-11-05T22:11:34","date_gmt":"2025-11-05T21:11:34","guid":{"rendered":"https:\/\/pozytywna-wibracja.pl\/?page_id=2"},"modified":"2026-04-14T23:32:20","modified_gmt":"2026-04-14T21:32:20","slug":"przykladowa-strona","status":"publish","type":"page","link":"https:\/\/pozytywna-wibracja.pl\/?page_id=2","title":{"rendered":"O mnie"},"content":{"rendered":"\n<p><strong>Medycyn\u0105 naturaln\u0105 i tematami zwi\u0105zanymi ze zdrowiem zacz\u0105\u0142em interesowa\u0107 si\u0119 w 2007 roku, poniewa\u017c mia\u0142em wtedy jakie\u015b dziwne dolegliwo\u015bci. To by\u0142a pokrzywka, a przepisywane ci\u0105gle inne leki nie pomaga\u0142y. Postanowi\u0142em si\u0119 tym sam zaj\u0105\u0107. Leki odstawi\u0142em, a u lekarza wi\u0119cej si\u0119 nie pojawi\u0142em z powodu pokrzywki. Zastosowa\u0142em tylko to, co naturalne. Objawy pokrzywki zmniejsza\u0142y si\u0119, a kt\u00f3rego\u015b dnia pokrzywka ca\u0142kowicie znik\u0142a.<\/strong><br><br><mark style=\"background-color:rgba(0, 0, 0, 0)\" class=\"has-inline-color has-contrast-color\"><strong>Na zdrowie cz\u0142owieka ma wp\u0142yw:<br>   a) jako\u015b\u0107 i ilo\u015b\u0107 spo\u017cywanego jedzenia<br>   b) aktywno\u015b\u0107 fizyczna<br>   c) odpoczynek<br>   d) sen<br>   e) stres i radzenie sobie ze stresem<\/strong><\/mark><br> <strong>f) obecno\u015b\u0107 paso\u017cyt\u00f3w w organizmie<\/strong><\/p>\n\n\n\n<figure class=\"wp-block-image aligncenter size-large is-resized\"><img loading=\"lazy\" decoding=\"async\" width=\"1024\" height=\"982\" src=\"https:\/\/pozytywna-wibracja.pl\/wp-content\/uploads\/2025\/11\/MB-Domi-1024x982.jpg\" alt=\"\" class=\"wp-image-55\" style=\"width:650px;height:auto\" srcset=\"https:\/\/pozytywna-wibracja.pl\/wp-content\/uploads\/2025\/11\/MB-Domi-1024x982.jpg 1024w, https:\/\/pozytywna-wibracja.pl\/wp-content\/uploads\/2025\/11\/MB-Domi-300x288.jpg 300w, https:\/\/pozytywna-wibracja.pl\/wp-content\/uploads\/2025\/11\/MB-Domi-768x736.jpg 768w, https:\/\/pozytywna-wibracja.pl\/wp-content\/uploads\/2025\/11\/MB-Domi-1536x1473.jpg 1536w, https:\/\/pozytywna-wibracja.pl\/wp-content\/uploads\/2025\/11\/MB-Domi-2048x1964.jpg 2048w\" sizes=\"auto, (max-width: 1024px) 100vw, 1024px\" \/><\/figure>\n\n\n\n<div class=\"wp-block-group has-global-padding is-layout-constrained wp-block-group-is-layout-constrained\">\n<p><strong><mark style=\"background-color:rgba(0, 0, 0, 0)\" class=\"has-inline-color has-contrast-color\">Przeprowadz\u0119 analiz\u0119 diety i u\u0142o\u017c\u0119 diet\u0119:<\/mark><\/strong><\/p>\n\n\n\n<ul style=\"color:#d2d2d2\" class=\"wp-block-list has-text-color has-link-color wp-elements-a9c6c10bb9e7d30ca174b893dc4b6b44\">\n<li><strong><mark style=\"background-color:rgba(0, 0, 0, 0)\" class=\"has-inline-color has-contrast-color\">dla os\u00f3b, kt\u00f3re chc\u0105 zadba\u0107 o sw\u00f3j wygl\u0105d (za ma\u0142a waga, za du\u017ca waga, poprawa wygl\u0105du sk\u00f3ry i w\u0142os\u00f3w, oczyszczenie organizmu)<\/mark><\/strong><\/li>\n\n\n\n<li><strong><mark style=\"background-color:rgba(0, 0, 0, 0)\" class=\"has-inline-color has-contrast-color\">dla os\u00f3b, kt\u00f3re chc\u0105 lepiej si\u0119 czu\u0107<\/mark><\/strong><\/li>\n\n\n\n<li><strong><mark style=\"background-color:rgba(0, 0, 0, 0)\" class=\"has-inline-color has-contrast-color\">dla os\u00f3b, kt\u00f3rym brakuje energii<\/mark><\/strong><\/li>\n\n\n\n<li><strong><mark style=\"background-color:rgba(0, 0, 0, 0)\" class=\"has-inline-color has-contrast-color\">dla os\u00f3b, kt\u00f3re uprawiaj\u0105 sport<\/mark><\/strong><\/li>\n<\/ul>\n\n\n\n<p><strong><mark style=\"background-color:rgba(0, 0, 0, 0);color:#2dd100\" class=\"has-inline-color\">Ka\u017cdy chce by\u0107 zdrowy. Wystarczy zadba\u0107 o ruch, odpowiednie \u0107wiczenia i od\u017cywianie. Warto oczy\u015bci\u0107 sw\u00f3j organizm z paso\u017cyt\u00f3w i powtarza\u0107 to, co jaki\u015b czas.<\/mark> Twoja waga b\u0119dzie prawid\u0142owa, poprawi si\u0119 wygl\u0105d sk\u00f3ry i w\u0142os\u00f3w. B\u0119dziesz lepiej si\u0119 czu\u0107 i mie\u0107 wi\u0119cej energii.<br><br><mark style=\"background-color:rgba(0, 0, 0, 0);color:#2dd100\" class=\"has-inline-color\">O tym ma\u0142o si\u0119 m\u00f3wi, ale paso\u017cyty powoduj\u0105 wiele dolegliwo\u015bci, chor\u00f3b i doprowadzaj\u0105 do rozwoju raka, wylewu lub zawa\u0142u.<\/mark> Paso\u017cyt\u00f3w jest wiele. S\u0105 tu bakterie (np. gronkowce, paciorkowce), wirusy (np. wirus zapalenia w\u0105troby), grzyby oraz robaki (owsiki, glisty, tasiemce, przywry itd.). Paso\u017cyty mog\u0105 zaj\u0105\u0107 na przyk\u0142ad w\u0105trob\u0119, trzustk\u0119, p\u0142uca, serce, jelita. Mog\u0105 osiedli\u0107 si\u0119 r\u00f3wnie\u017c w m\u00f3zgu i doprowadzi\u0107 cz\u0142owieka do szpitala psychiatrycznego. Od\u017cywiaj\u0105 si\u0119 Twoj\u0105 krwi\u0105 i zatruwaj\u0105 Tw\u00f3j organizm produktami w\u0142asnej przemiany materii. Paso\u017cyty wp\u0142ywaj\u0105 na stan cz\u0142owieka: nerwica, agresywne zachowanie, depresja itp. Obecno\u015b\u0107 paso\u017cyt\u00f3w objawia si\u0119 przez: reakcje alergiczne, os\u0142abienie, anemi\u0119, b\u00f3l brzucha, b\u00f3l g\u0142owy, niewyra\u017ane widzenie, pryszcze, zmiany sk\u00f3rne, sw\u0119dzenie. <\/strong><br><br><mark style=\"background-color:rgba(0, 0, 0, 0);color:#2dd100\" class=\"has-inline-color\"><strong>&#8222;Nie istniej\u0105 choroby miejscowe czy choroby organ\u00f3w. Zawsze chory jest cz\u0142owiek w ca\u0142o\u015bci&#8221;.<\/strong><\/mark><strong> Przyk\u0142ady przedstawione w dawnych czasopismach:<br>a) Wed\u0142ug diagnozy lekarza prowadz\u0105cego, osoba zmar\u0142a w wyniku marsko\u015bci w\u0105troby. Po sekcji zw\u0142ok okaza\u0142o si\u0119, \u017ce w\u0105troba, p\u0119cherzyk \u017c\u00f3\u0142ciowy i drogi \u017c\u00f3\u0142ciowe by\u0142y zaj\u0119te przez paso\u017cytnicze robaki.<br>b) Pacjent pope\u0142ni\u0142 samob\u00f3jstwo, od kilku lat zmaga\u0142 si\u0119 z chorob\u0105 psychiczn\u0105. Po sekcji zw\u0142ok stwierdzono obecno\u015b\u0107 doros\u0142ych osobnik\u00f3w glisty ludzkiej w jelitach, w p\u0142ucach i w m\u00f3zgu.<\/strong><\/p>\n\n\n\n<p><strong><mark style=\"background-color:rgba(0, 0, 0, 0);color:#2dd100\" class=\"has-inline-color\">Nie jest mo\u017cliwe, aby w 100% uchroni\u0107 si\u0119 przed paso\u017cytami.<\/mark> Mo\u017cemy zarazi\u0107 si\u0119 paso\u017cytami w parku, w lesie, przy pracy w ogrodzie, przez kontakt ze zwierz\u0119tami, kontakt z kurzem, kontakt ze ska\u017con\u0105 wod\u0105, przez uk\u0105szenia kleszczy czy komar\u00f3w itd. <mark style=\"background-color:rgba(0, 0, 0, 0);color:#2dd100\" class=\"has-inline-color\">Co mo\u017cna zrobi\u0107, \u017ceby zminimalizowa\u0107 ryzyko zara\u017cenia si\u0119 paso\u017cytami ?<\/mark> <mark style=\"background-color:rgba(0, 0, 0, 0)\" class=\"has-inline-color has-contrast-color\">Przed jedzeniem zawsze myj r\u0119ce. <\/mark>Pij wod\u0119 z pewnego \u017ar\u00f3d\u0142a. Dok\u0142adnie myj warzywa i owoce. Nie spo\u017cywaj surowego lub niedobrze ugotowanego mi\u0119sa. Co jaki\u015b czas dobrze jest zrobi\u0107 kuracj\u0119 przeciw paso\u017cytom.<\/strong><br><br><strong><mark style=\"background-color:rgba(0, 0, 0, 0)\" class=\"has-inline-color has-contrast-color\">Lepiej odstawi\u0107 alkohol, nikotyn\u0119 i narkotyki. Te substancje tworz\u0105 dobre warunki do rozmna\u017cania si\u0119 paso\u017cyt\u00f3w. Sterydy r\u00f3wnie\u017c odradzam, powoduj\u0105 hu\u015btawk\u0119 nastroj\u00f3w: euforia, agresja, rozdra\u017cnienie, depresja, a dodatkowo na sk\u00f3rze mog\u0105 pojawi\u0107 si\u0119 charakterystyczne pryszcze &#8211; drobne robaki rozmna\u017caj\u0105 si\u0119 i wychodz\u0105 na skutek obni\u017conej odporno\u015bci.<\/mark> <mark style=\"background-color:rgba(0, 0, 0, 0);color:#2dd100\" class=\"has-inline-color\">Je\u015bli masz pryszcze na sk\u00f3rze, niewa\u017cne z jakiego powodu, pozb\u0105d\u017a si\u0119 ich.<\/mark> Nie wystarczy tutaj zastosowa\u0107 ma\u015b\u0107 na sk\u00f3r\u0119, ale r\u00f3wnie\u017c trzeba oczy\u015bci\u0107 organizm od wewn\u0105trz.<\/strong><\/p>\n<\/div>\n\n\n\n<div class=\"wp-block-group has-global-padding is-layout-constrained wp-block-group-is-layout-constrained\">\n<p><strong><mark style=\"background-color:rgba(0, 0, 0, 0)\" class=\"has-inline-color has-contrast-color\">Okre\u015bl\u0119 aktywno\u015b\u0107 fizyczn\u0105 dla os\u00f3b, kt\u00f3re chc\u0105:<\/mark><\/strong><\/p>\n\n\n\n<ul style=\"color:#d2d2d2\" class=\"wp-block-list has-text-color has-link-color wp-elements-11b92032456c51ae3b1dcafe00fcbfb2\">\n<li><strong><mark style=\"background-color:rgba(0, 0, 0, 0)\" class=\"has-inline-color has-contrast-color\">zacz\u0105\u0107 \u0107wiczy\u0107 (w domu lub na \u015bwie\u017cym powietrzu)<\/mark><\/strong><\/li>\n\n\n\n<li class=\"has-contrast-color has-text-color has-link-color wp-elements-bd1a1841e73ed50adc92cb91b3046516\"><strong><mark style=\"background-color:rgba(0, 0, 0, 0)\" class=\"has-inline-color has-contrast-color\">mie\u0107 plan \u0107wicze\u0144<\/mark><\/strong><\/li>\n\n\n\n<li class=\"has-contrast-color has-text-color has-link-color wp-elements-b370a4c2e4273281c7fc89fbc47d2ea8\"><strong><mark style=\"background-color:rgba(0, 0, 0, 0)\" class=\"has-inline-color has-contrast-color\">zwi\u0119kszy\u0107 si\u0142\u0119 i wytrzyma\u0142o\u015b\u0107<\/mark><\/strong><br><\/li>\n<\/ul>\n\n\n\n<p><strong>Ka\u017cdy powinien \u0107wiczy\u0107 i wzmacnia\u0107 swoje cia\u0142o. Os\u0142abienie mi\u0119\u015bni oraz oty\u0142o\u015b\u0107 prowadz\u0105 do krzywej postawy. Krzywy kr\u0119gos\u0142up jest pocz\u0105tkiem chor\u00f3b.<\/strong><mark style=\"background-color:rgba(0, 0, 0, 0);color:#2dd100\" class=\"has-inline-color\"><strong> Nie jestem zwolennikiem d\u0105\u017cenia do tego, \u017ceby mie\u0107 jak najwi\u0119ksze mi\u0119\u015bnie.<\/strong><\/mark><strong><strong> <\/strong>\u0106wicz dla zdrowia, \u017ceby by\u0107 sprawnym i silnym fizycznie. <mark style=\"background-color:rgba(0, 0, 0, 0)\" class=\"has-inline-color has-contrast-color\">Do tego od\u017cywek nie potrzebujesz. Zwr\u00f3\u0107 uwag\u0119 na oddech przy wykonywaniu \u0107wicze\u0144. Codziennie przewietrz miejsce, w kt\u00f3rym mieszkasz.<\/mark><\/strong><br><br><strong><mark style=\"background-color:rgba(0, 0, 0, 0);color:#2dd100\" class=\"has-inline-color\">Mo\u017cna zbudowa\u0107 du\u017c\u0105 si\u0142\u0119 fizyczn\u0105 bez steryd\u00f3w i bez od\u017cywek.<\/mark><mark style=\"background-color:rgba(0, 0, 0, 0)\" class=\"has-inline-color has-contrast-color\"> Widzia\u0142em wiele os\u00f3b, kt\u00f3re  \u017ale \u0107wiczy\u0142y tylko dlatego, \u017ce chcia\u0142y szybko efekty osi\u0105gn\u0105\u0107. Nie t\u0119dy droga. Z mojego w\u0142asnego do\u015bwiadczenia.<br><br>Terapia d\u017awi\u0119kiem jest ciekawym tematem. Gdy si\u0119 tym zacz\u0105\u0142em bardziej interesowa\u0107, to nawet nie wiedzia\u0142em, \u017ce mo\u017ce mie\u0107 takie szerokie zastosowanie. A\u017c trudno w to uwierzy\u0107. Terapia d\u017awi\u0119kiem pomaga osi\u0105gn\u0105\u0107 wewn\u0119trzny spok<\/mark>\u00f3j, poprawi\u0107 sen<mark style=\"background-color:rgba(0, 0, 0, 0)\" class=\"has-inline-color has-contrast-color\"> czy te\u017c mo\u017ce rozlu\u017ani\u0107 mi\u0119\u015bni<\/mark>e albo zmniejszy\u0107 b\u00f3l.<\/strong><br><br><strong>Powr\u00f3t<\/strong>&nbsp;<a href=\"https:\/\/pozytywna-wibracja.pl\/\">https:\/\/pozytywna-wibracja.pl\/<\/a><\/p>\n<\/div>\n","protected":false},"excerpt":{"rendered":"<p>Medycyn\u0105 naturaln\u0105 i tematami zwi\u0105zanymi ze zdrowiem zacz\u0105\u0142em interesowa\u0107 si\u0119 w 2007 roku, poniewa\u017c mia\u0142em wtedy jakie\u015b dziwne dolegliwo\u015bci. To by\u0142a pokrzywka, a przepisywane ci\u0105gle inne leki nie pomaga\u0142y. Postanowi\u0142em si\u0119 tym sam zaj\u0105\u0107. Leki odstawi\u0142em, a u lekarza wi\u0119cej si\u0119 nie pojawi\u0142em z powodu pokrzywki. Zastosowa\u0142em tylko to, co naturalne. Objawy pokrzywki zmniejsza\u0142y si\u0119, [&hellip;]<\/p>\n","protected":false},"author":1,"featured_media":0,"parent":0,"menu_order":0,"comment_status":"closed","ping_status":"open","template":"","meta":{"footnotes":""},"class_list":["post-2","page","type-page","status-publish","hentry"],"_links":{"self":[{"href":"https:\/\/pozytywna-wibracja.pl\/index.php?rest_route=\/wp\/v2\/pages\/2","targetHints":{"allow":["GET"]}}],"collection":[{"href":"https:\/\/pozytywna-wibracja.pl\/index.php?rest_route=\/wp\/v2\/pages"}],"about":[{"href":"https:\/\/pozytywna-wibracja.pl\/index.php?rest_route=\/wp\/v2\/types\/page"}],"author":[{"embeddable":true,"href":"https:\/\/pozytywna-wibracja.pl\/index.php?rest_route=\/wp\/v2\/users\/1"}],"replies":[{"embeddable":true,"href":"https:\/\/pozytywna-wibracja.pl\/index.php?rest_route=%2Fwp%2Fv2%2Fcomments&post=2"}],"version-history":[{"count":82,"href":"https:\/\/pozytywna-wibracja.pl\/index.php?rest_route=\/wp\/v2\/pages\/2\/revisions"}],"predecessor-version":[{"id":635,"href":"https:\/\/pozytywna-wibracja.pl\/index.php?rest_route=\/wp\/v2\/pages\/2\/revisions\/635"}],"wp:attachment":[{"href":"https:\/\/pozytywna-wibracja.pl\/index.php?rest_route=%2Fwp%2Fv2%2Fmedia&parent=2"}],"curies":[{"name":"wp","href":"https:\/\/api.w.org\/{rel}","templated":true}]}}