{"id":218,"date":"2025-12-04T21:47:54","date_gmt":"2025-12-04T20:47:54","guid":{"rendered":"https:\/\/pozytywna-wibracja.pl\/?page_id=218"},"modified":"2026-03-18T08:47:10","modified_gmt":"2026-03-18T07:47:10","slug":"cennik","status":"publish","type":"page","link":"https:\/\/pozytywna-wibracja.pl\/?page_id=218","title":{"rendered":"Cennik"},"content":{"rendered":"\n<p><strong>Terapia d\u017awi\u0119kiem 15 minut  &#8211; 50 z\u0142 <\/strong><br><strong>Terapia d\u017awi\u0119kiem 30 minut &#8211; 100 z\u0142<\/strong><br><strong>Terapia d\u017awi\u0119kiem 45 minut &#8211; 150 z\u0142<\/strong><br><strong>Terapia d\u017awi\u0119kiem 60 minut &#8211; 200 z\u0142<\/strong> <br><strong><br>Analiza diety &#8211; 100 z\u0142<\/strong><br><strong>Dieta dla aktywnych fizycznie &#8211; 200 z\u0142<\/strong><br><strong>Dieta przeciw paso\u017cytom (bakterie, grzyby, robaki) &#8211; 300 z\u0142<br>Dob\u00f3r aktywno\u015bci fizycznej do stanu zdrowia i wieku &#8211; 30 minut &#8211; 100 z\u0142 <\/strong><br><strong>Dob\u00f3r aktywno\u015bci fizycznej do stanu zdrowia i wieku &#8211; 60 minut &#8211; 200 z\u0142<\/strong><br><br><strong>Tarczyca (terapia d\u017awi\u0119kowa i zalecenia) &#8211; 60 minut &#8211; 200 z\u0142<\/strong><br><br>&#8212; <strong>P\u0142atno\u015b\u0107 got\u00f3wk\u0105 &#8212;<\/strong><br><\/p>\n\n\n\n<p><strong><mark style=\"background-color:rgba(0, 0, 0, 0);color:#2dd100\" class=\"has-inline-color\">Analiza diety<\/mark><mark style=\"background-color:rgba(0, 0, 0, 0)\" class=\"has-inline-color has-contrast-color\">, \u017ceby dopasowa\u0107 diet\u0119 do Twojego trybu \u017cycia, oceni\u0107 Tw\u00f3j stan od\u017cywienia.<\/mark><\/strong><br><strong><mark style=\"background-color:rgba(0, 0, 0, 0)\" class=\"has-inline-color has-contrast-color\"><br><\/mark><mark style=\"background-color:rgba(0, 0, 0, 0);color:#2dd100\" class=\"has-inline-color\">Dieta dla aktywnych  fizycznie<\/mark><mark style=\"background-color:rgba(0, 0, 0, 0)\" class=\"has-inline-color has-contrast-color\"> &#8211; dla m\u0142odszych i starszych, dla sportowc\u00f3w &#8211; jak si\u0119 od\u017cywia\u0107, \u017ceby si\u0119 dobrze czu\u0107 podczas \u0107wicze\u0144, bez uczucia ci\u0119\u017cko\u015bci w \u017co\u0142\u0105dku. Nie potrzebujesz \u017cadnych od\u017cywek, ani steryd\u00f3w, \u017ceby mie\u0107 efekty. Ewentualnie witaminy i minera\u0142y<\/mark>, je\u015bli intensywnie \u0107wiczysz.<\/strong><br><br><strong><mark style=\"background-color:rgba(0, 0, 0, 0);color:#2dd100\" class=\"has-inline-color\">Dieta przeciw paso\u017cytom<\/mark> &#8211; je\u015bli nigdy nie robi\u0142e\u015b kuracji przeciw paso\u017cytom, to mo\u017cesz je mie\u0107. A objawia\u0107 si\u0119 to mo\u017ce poprzez reakcje alergiczne, os\u0142abienie, rozdra\u017cnienie, nadpobudliwo\u015b\u0107, stany depresyjne, anemia, niedokrwisto\u015b\u0107, brak apetytu, sw\u0119dzenie, pryszcze, zmiany sk\u00f3rne. Rozw\u00f3j paso\u017cyt\u00f3w w organizmie prowadzi do powa\u017cnych chor\u00f3b, a na ko\u0144cu do powstania raka. \u0141atwo zarazi\u0107 si\u0119 paso\u017cytami. Dochodzi do tego przez spo\u017cycie jaj paso\u017cyta znajduj\u0105cych si\u0119 na r\u0119kach, kt\u00f3re mog\u0105 pochodzi\u0107 od zwierz\u0105t lub od zara\u017conego cz\u0142owieka. Albo spo\u017cyty pokarm lub nap\u00f3j mo\u017ce zawiera\u0107 paso\u017cyty. Tak\u0105 kuracj\u0119 przeciw paso\u017cytom trzeba powtarza\u0107, co jaki\u015b czas. Paso\u017cyty \u017cywi\u0105 si\u0119 Twoj\u0105 krwi\u0105 i wszystkim, co jesz. I jeszcze zatruwaj\u0105 Tw\u00f3j organizm produktami swojej przemiany materii.<\/strong><br><br><strong><mark style=\"background-color:rgba(0, 0, 0, 0);color:#2dd100\" class=\"has-inline-color\">Dob\u00f3r aktywno\u015bci fizycznej do stanu zdrowia i wieku<\/mark> &#8211; <mark style=\"background-color:rgba(0, 0, 0, 0)\" class=\"has-inline-color has-contrast-color\">dla m\u0142odszych i starszych, dla sportowc\u00f3w. Dob\u00f3r \u0107wicze\u0144 do poziomu \u0107wicz\u0105cego na pewny ustalony okres czasu np. 3 miesi\u0105ce. Wyja\u015bnienie, jak \u0107wiczy\u0107 w spos\u00f3b najbardziej optymalny. Cel &#8211; osi\u0105ga\u0107 coraz lepsze efekty, wi\u0119ksza sprawno\u015b\u0107 fizyczna i si\u0142a &#8211; bez b\u00f3lu i bez kontuzji.<\/mark> \u0106wiczenia na zewn\u0105trz lub w domu. Dla starszych os\u00f3b \u0107wiczenia wzmacniaj\u0105ce, a dla m\u0142odszych to mo\u017ce by\u0107 zrobienie konkretnej formy. <\/strong><br><br><mark style=\"background-color:rgba(0, 0, 0, 0);color:#2dd100\" class=\"has-inline-color\"><strong>Terapia d\u017awi\u0119kiem &#8211; na uspokojenie lub zmniejszenie b\u00f3lu mi\u0119\u015bni<\/strong><\/mark><br><strong>Je\u017celi kto\u015b potrzebuje tylko rozlu\u017ani\u0107 mi\u0119\u015bnie odcinka l\u0119d\u017awiowego i ten stan pojawi\u0142 si\u0119 niedawno, jedna terapia trwaj\u0105ca 15 minut powinna w zupe\u0142no\u015bci wystarczy\u0107. Je\u017celi jest to co\u015b powa\u017cniejszego np. rwa kulszowa, wypada\u0142oby przyj\u015b\u0107 wi\u0119cej razy &#8211; oko\u0142o 2-3 razy w tygodniu na zabieg trwaj\u0105cy 45-60 minut (to mo\u017ce by\u0107 przez oko\u0142o 4-5 tygodni lub mniej, a\u017c do ca\u0142kowitego wyleczenia). Powinna by\u0107 przerwa mi\u0119dzy kolejnymi zabiegami, najlepiej od 1 do 3 dni. Po takim zabiegu, zale\u017cnie od stanu zdrowia, mo\u017cna poczu\u0107 si\u0119 troch\u0119 gorzej, ale docelowo jest poprawa, lepsze samopoczucie i zmniejszenie b\u00f3lu. Organizm potrzebuje troch\u0119 czasu po zabiegu na odpoczynek i leczenie.<\/strong><\/p>\n\n\n\n<p><strong><mark style=\"background-color:rgba(0, 0, 0, 0);color:#2dd100\" class=\"has-inline-color\">Terapia d\u017awi\u0119kiem &#8211; pierwsza sesja jest za darmo. <\/mark><mark style=\"background-color:rgba(0, 0, 0, 0)\" class=\"has-inline-color has-contrast-color\">Mo\u017cesz zobaczy\u0107, jak dzia\u0142a terapia d\u017awi\u0119kiem i nic za to nie p\u0142acisz. <\/mark><\/strong><br><strong><mark style=\"background-color:rgba(0, 0, 0, 0);color:#2dd100\" class=\"has-inline-color\">Terapia d\u017awi\u0119kiem mo\u017ce obejmowa\u0107: <\/mark><br><mark style=\"background-color:rgba(0, 0, 0, 0);color:#2dd100\" class=\"has-inline-color\">a) s\u0142uchanie d\u017awi\u0119k\u00f3w<\/mark> (terapia bezdotykowa) <mark style=\"background-color:rgba(0, 0, 0, 0)\" class=\"has-inline-color has-contrast-color\">&#8211; na uspokojenie<\/mark><br><mark style=\"background-color:rgba(0, 0, 0, 0);color:#2dd100\" class=\"has-inline-color\">b) masa\u017c, zabieg relaksacyjny<\/mark> (terapia dotykowa)- oddzia\u0142ywanie w wyniku kontaktu z cia\u0142em drgaj\u0105cej misy d\u017awi\u0119kowej lub kamertonu &#8211;<mark style=\"background-color:rgba(0, 0, 0, 0)\" class=\"has-inline-color has-contrast-color\"> na zmniejszenie b\u00f3lu lub rozlu\u017anienie mi\u0119\u015bni.<\/mark><\/strong><\/p>\n\n\n\n<p><strong><mark style=\"background-color:rgba(0, 0, 0, 0);color:#2dd100\" class=\"has-inline-color\">Tarczyca (terapia d\u017awi\u0119kowa i zalecenia)<\/mark> &#8211; specjalistyczne wykorzystanie d\u017awi\u0119ku. Terapia d\u017awi\u0119kowa oraz zastosowanie si\u0119 do zalece\u0144 wspomaga funkcjonowanie tarczycy. Jest poprawa samopoczucia oraz poziomu TSH, kt\u00f3ry jest najwa\u017cniejszym wska\u017anikiem informuj\u0105cym o pracy tarczycy.<\/strong><\/p>\n\n\n\n<p><strong>Najlepiej zadzwoni\u0107 i um\u00f3wi\u0107 si\u0119 tel. +48 503 448 777. Na darmow\u0105 sesj\u0119 terapii d\u017awi\u0119kiem r\u00f3wnie\u017c prosz\u0119 dzwoni\u0107.<\/strong><\/p>\n\n\n\n<figure class=\"wp-block-image aligncenter size-large\"><img loading=\"lazy\" decoding=\"async\" width=\"1024\" height=\"768\" src=\"https:\/\/pozytywna-wibracja.pl\/wp-content\/uploads\/2025\/12\/P6180536-1024x768.jpg\" alt=\"\" class=\"wp-image-221\" srcset=\"https:\/\/pozytywna-wibracja.pl\/wp-content\/uploads\/2025\/12\/P6180536-1024x768.jpg 1024w, https:\/\/pozytywna-wibracja.pl\/wp-content\/uploads\/2025\/12\/P6180536-300x225.jpg 300w, https:\/\/pozytywna-wibracja.pl\/wp-content\/uploads\/2025\/12\/P6180536-768x576.jpg 768w, https:\/\/pozytywna-wibracja.pl\/wp-content\/uploads\/2025\/12\/P6180536-1536x1152.jpg 1536w, https:\/\/pozytywna-wibracja.pl\/wp-content\/uploads\/2025\/12\/P6180536-2048x1536.jpg 2048w\" sizes=\"auto, (max-width: 1024px) 100vw, 1024px\" \/><figcaption class=\"wp-element-caption\"> <\/figcaption><\/figure>\n\n\n\n<p><strong>Powr\u00f3t<\/strong>&nbsp;<a href=\"https:\/\/pozytywna-wibracja.pl\/\">https:\/\/pozytywna-wibracja.pl\/<\/a><\/p>\n","protected":false},"excerpt":{"rendered":"<p>Terapia d\u017awi\u0119kiem 15 minut &#8211; 50 z\u0142 Terapia d\u017awi\u0119kiem 30 minut &#8211; 100 z\u0142Terapia d\u017awi\u0119kiem 45 minut &#8211; 150 z\u0142Terapia d\u017awi\u0119kiem 60 minut &#8211; 200 z\u0142 Analiza diety &#8211; 100 z\u0142Dieta dla aktywnych fizycznie &#8211; 200 z\u0142Dieta przeciw paso\u017cytom (bakterie, grzyby, robaki) &#8211; 300 z\u0142Dob\u00f3r aktywno\u015bci fizycznej do stanu zdrowia i wieku &#8211; 30 minut [&hellip;]<\/p>\n","protected":false},"author":1,"featured_media":0,"parent":0,"menu_order":0,"comment_status":"closed","ping_status":"closed","template":"","meta":{"footnotes":""},"class_list":["post-218","page","type-page","status-publish","hentry"],"_links":{"self":[{"href":"https:\/\/pozytywna-wibracja.pl\/index.php?rest_route=\/wp\/v2\/pages\/218","targetHints":{"allow":["GET"]}}],"collection":[{"href":"https:\/\/pozytywna-wibracja.pl\/index.php?rest_route=\/wp\/v2\/pages"}],"about":[{"href":"https:\/\/pozytywna-wibracja.pl\/index.php?rest_route=\/wp\/v2\/types\/page"}],"author":[{"embeddable":true,"href":"https:\/\/pozytywna-wibracja.pl\/index.php?rest_route=\/wp\/v2\/users\/1"}],"replies":[{"embeddable":true,"href":"https:\/\/pozytywna-wibracja.pl\/index.php?rest_route=%2Fwp%2Fv2%2Fcomments&post=218"}],"version-history":[{"count":71,"href":"https:\/\/pozytywna-wibracja.pl\/index.php?rest_route=\/wp\/v2\/pages\/218\/revisions"}],"predecessor-version":[{"id":568,"href":"https:\/\/pozytywna-wibracja.pl\/index.php?rest_route=\/wp\/v2\/pages\/218\/revisions\/568"}],"wp:attachment":[{"href":"https:\/\/pozytywna-wibracja.pl\/index.php?rest_route=%2Fwp%2Fv2%2Fmedia&parent=218"}],"curies":[{"name":"wp","href":"https:\/\/api.w.org\/{rel}","templated":true}]}}