{"id":236,"date":"2025-12-11T22:13:05","date_gmt":"2025-12-11T21:13:05","guid":{"rendered":"https:\/\/pozytywna-wibracja.pl\/?page_id=236"},"modified":"2025-12-14T19:32:12","modified_gmt":"2025-12-14T18:32:12","slug":"dyplom","status":"publish","type":"page","link":"https:\/\/pozytywna-wibracja.pl\/?page_id=236","title":{"rendered":"Dyplom"},"content":{"rendered":"\n<p><strong>Dietetyk, dob\u00f3r aktywno\u015bci fizycznej do stanu zdrowia i wieku <\/strong><\/p>\n\n\n\n<figure class=\"wp-block-image aligncenter size-large is-resized\"><img loading=\"lazy\" decoding=\"async\" width=\"745\" height=\"1024\" src=\"https:\/\/pozytywna-wibracja.pl\/wp-content\/uploads\/2025\/12\/dyplom-dietetyk-black-745x1024.jpg\" alt=\"\" class=\"wp-image-247\" style=\"width:516px;height:auto\" srcset=\"https:\/\/pozytywna-wibracja.pl\/wp-content\/uploads\/2025\/12\/dyplom-dietetyk-black-745x1024.jpg 745w, https:\/\/pozytywna-wibracja.pl\/wp-content\/uploads\/2025\/12\/dyplom-dietetyk-black-218x300.jpg 218w, https:\/\/pozytywna-wibracja.pl\/wp-content\/uploads\/2025\/12\/dyplom-dietetyk-black-768x1056.jpg 768w, https:\/\/pozytywna-wibracja.pl\/wp-content\/uploads\/2025\/12\/dyplom-dietetyk-black-1117x1536.jpg 1117w, https:\/\/pozytywna-wibracja.pl\/wp-content\/uploads\/2025\/12\/dyplom-dietetyk-black-1489x2048.jpg 1489w, https:\/\/pozytywna-wibracja.pl\/wp-content\/uploads\/2025\/12\/dyplom-dietetyk-black.jpg 1700w\" sizes=\"auto, (max-width: 745px) 100vw, 745px\" \/><\/figure>\n\n\n\n<p><strong>Powr\u00f3t<\/strong>&nbsp;<a href=\"https:\/\/pozytywna-wibracja.pl\/\">https:\/\/pozytywna-wibracja.pl\/<\/a><\/p>\n","protected":false},"excerpt":{"rendered":"<p>Dietetyk, dob\u00f3r aktywno\u015bci fizycznej do stanu zdrowia i wieku Powr\u00f3t&nbsp;https:\/\/pozytywna-wibracja.pl\/<\/p>\n","protected":false},"author":1,"featured_media":0,"parent":0,"menu_order":0,"comment_status":"closed","ping_status":"closed","template":"","meta":{"footnotes":""},"class_list":["post-236","page","type-page","status-publish","hentry"],"_links":{"self":[{"href":"https:\/\/pozytywna-wibracja.pl\/index.php?rest_route=\/wp\/v2\/pages\/236","targetHints":{"allow":["GET"]}}],"collection":[{"href":"https:\/\/pozytywna-wibracja.pl\/index.php?rest_route=\/wp\/v2\/pages"}],"about":[{"href":"https:\/\/pozytywna-wibracja.pl\/index.php?rest_route=\/wp\/v2\/types\/page"}],"author":[{"embeddable":true,"href":"https:\/\/pozytywna-wibracja.pl\/index.php?rest_route=\/wp\/v2\/users\/1"}],"replies":[{"embeddable":true,"href":"https:\/\/pozytywna-wibracja.pl\/index.php?rest_route=%2Fwp%2Fv2%2Fcomments&post=236"}],"version-history":[{"count":5,"href":"https:\/\/pozytywna-wibracja.pl\/index.php?rest_route=\/wp\/v2\/pages\/236\/revisions"}],"predecessor-version":[{"id":291,"href":"https:\/\/pozytywna-wibracja.pl\/index.php?rest_route=\/wp\/v2\/pages\/236\/revisions\/291"}],"wp:attachment":[{"href":"https:\/\/pozytywna-wibracja.pl\/index.php?rest_route=%2Fwp%2Fv2%2Fmedia&parent=236"}],"curies":[{"name":"wp","href":"https:\/\/api.w.org\/{rel}","templated":true}]}}