{"id":251,"date":"2025-12-12T15:00:03","date_gmt":"2025-12-12T14:00:03","guid":{"rendered":"https:\/\/pozytywna-wibracja.pl\/?page_id=251"},"modified":"2026-02-27T18:56:08","modified_gmt":"2026-02-27T17:56:08","slug":"certyfikaty","status":"publish","type":"page","link":"https:\/\/pozytywna-wibracja.pl\/?page_id=251","title":{"rendered":"Certyfikaty"},"content":{"rendered":"\n<p><strong>Certyfikat uprawniaj\u0105cy do obs\u0142ugi przyrz\u0105du Supertronic<\/strong><\/p>\n\n\n\n<figure class=\"wp-block-image size-large\"><img loading=\"lazy\" decoding=\"async\" width=\"744\" height=\"1024\" src=\"https:\/\/pozytywna-wibracja.pl\/wp-content\/uploads\/2026\/01\/Certyfikat-Supertronic-744x1024.jpg\" alt=\"\" class=\"wp-image-343\" srcset=\"https:\/\/pozytywna-wibracja.pl\/wp-content\/uploads\/2026\/01\/Certyfikat-Supertronic-744x1024.jpg 744w, https:\/\/pozytywna-wibracja.pl\/wp-content\/uploads\/2026\/01\/Certyfikat-Supertronic-218x300.jpg 218w, https:\/\/pozytywna-wibracja.pl\/wp-content\/uploads\/2026\/01\/Certyfikat-Supertronic-768x1057.jpg 768w, https:\/\/pozytywna-wibracja.pl\/wp-content\/uploads\/2026\/01\/Certyfikat-Supertronic-1116x1536.jpg 1116w, https:\/\/pozytywna-wibracja.pl\/wp-content\/uploads\/2026\/01\/Certyfikat-Supertronic-1488x2048.jpg 1488w, https:\/\/pozytywna-wibracja.pl\/wp-content\/uploads\/2026\/01\/Certyfikat-Supertronic.jpg 1617w\" sizes=\"auto, (max-width: 744px) 100vw, 744px\" \/><\/figure>\n\n\n\n<figure class=\"wp-block-image size-large\"><img loading=\"lazy\" decoding=\"async\" width=\"1024\" height=\"712\" src=\"https:\/\/pozytywna-wibracja.pl\/wp-content\/uploads\/2026\/01\/Faktura_Supertronic-1024x712.jpg\" alt=\"\" class=\"wp-image-340\" srcset=\"https:\/\/pozytywna-wibracja.pl\/wp-content\/uploads\/2026\/01\/Faktura_Supertronic-1024x712.jpg 1024w, https:\/\/pozytywna-wibracja.pl\/wp-content\/uploads\/2026\/01\/Faktura_Supertronic-300x209.jpg 300w, https:\/\/pozytywna-wibracja.pl\/wp-content\/uploads\/2026\/01\/Faktura_Supertronic-768x534.jpg 768w, https:\/\/pozytywna-wibracja.pl\/wp-content\/uploads\/2026\/01\/Faktura_Supertronic-1536x1068.jpg 1536w, https:\/\/pozytywna-wibracja.pl\/wp-content\/uploads\/2026\/01\/Faktura_Supertronic.jpg 1654w\" sizes=\"auto, (max-width: 1024px) 100vw, 1024px\" \/><\/figure>\n\n\n\n<p><strong>Supertronic to przyrz\u0105d diagnostyczny wykorzystuj\u0105cy metod\u0119 elektroakupunktury wg Volla (test EAV). Pomiar punkt\u00f3w akupunkturowych pozwala okre\u015bli\u0107 stan narz\u0105d\u00f3w wewn\u0119trznych. Metoda Volla nie jest przeznaczona do uzyskania diagnozy lekarskiej. Mo\u017ce by\u0107 wykorzystana do profilaktyki zdrowotnej poprzez wczesne wykrycie problem\u00f3w z funkcjonowaniem narz\u0105d\u00f3w.<\/strong><\/p>\n\n\n\n<p><strong>Za\u015bwiadczenie o odbytym szkoleniu &#8211; wolontariat w hospicjum<\/strong><\/p>\n\n\n\n<figure class=\"wp-block-image size-large\"><img loading=\"lazy\" decoding=\"async\" width=\"724\" height=\"1024\" src=\"https:\/\/pozytywna-wibracja.pl\/wp-content\/uploads\/2026\/02\/Certyfikat_3-724x1024.jpg\" alt=\"\" class=\"wp-image-434\" srcset=\"https:\/\/pozytywna-wibracja.pl\/wp-content\/uploads\/2026\/02\/Certyfikat_3-724x1024.jpg 724w, https:\/\/pozytywna-wibracja.pl\/wp-content\/uploads\/2026\/02\/Certyfikat_3-212x300.jpg 212w, https:\/\/pozytywna-wibracja.pl\/wp-content\/uploads\/2026\/02\/Certyfikat_3-768x1086.jpg 768w, https:\/\/pozytywna-wibracja.pl\/wp-content\/uploads\/2026\/02\/Certyfikat_3-1087x1536.jpg 1087w, https:\/\/pozytywna-wibracja.pl\/wp-content\/uploads\/2026\/02\/Certyfikat_3-1449x2048.jpg 1449w, https:\/\/pozytywna-wibracja.pl\/wp-content\/uploads\/2026\/02\/Certyfikat_3.jpg 1654w\" sizes=\"auto, (max-width: 724px) 100vw, 724px\" \/><\/figure>\n\n\n\n<p><strong>Certyfikat &#8211; d\u017awi\u0119koterapia &#8211; misy d\u017awi\u0119kowe tybeta\u0144skie<\/strong><\/p>\n\n\n\n<figure class=\"wp-block-image size-large\"><img loading=\"lazy\" decoding=\"async\" width=\"1024\" height=\"724\" src=\"https:\/\/pozytywna-wibracja.pl\/wp-content\/uploads\/2025\/12\/Certyfikat-MISY-1024x724.jpg\" alt=\"\" class=\"wp-image-252\" srcset=\"https:\/\/pozytywna-wibracja.pl\/wp-content\/uploads\/2025\/12\/Certyfikat-MISY-1024x724.jpg 1024w, https:\/\/pozytywna-wibracja.pl\/wp-content\/uploads\/2025\/12\/Certyfikat-MISY-300x212.jpg 300w, https:\/\/pozytywna-wibracja.pl\/wp-content\/uploads\/2025\/12\/Certyfikat-MISY-768x543.jpg 768w, https:\/\/pozytywna-wibracja.pl\/wp-content\/uploads\/2025\/12\/Certyfikat-MISY-1536x1087.jpg 1536w, https:\/\/pozytywna-wibracja.pl\/wp-content\/uploads\/2025\/12\/Certyfikat-MISY-2048x1449.jpg 2048w\" sizes=\"auto, (max-width: 1024px) 100vw, 1024px\" \/><\/figure>\n\n\n\n<p><strong>Certyfikat &#8211; d\u017awi\u0119koterapia &#8211; kamertony<\/strong><\/p>\n\n\n\n<figure class=\"wp-block-image size-large\"><img loading=\"lazy\" decoding=\"async\" width=\"1024\" height=\"724\" src=\"https:\/\/pozytywna-wibracja.pl\/wp-content\/uploads\/2025\/12\/Certyfikat-KAMERTONY-1024x724.jpg\" alt=\"\" class=\"wp-image-253\" srcset=\"https:\/\/pozytywna-wibracja.pl\/wp-content\/uploads\/2025\/12\/Certyfikat-KAMERTONY-1024x724.jpg 1024w, https:\/\/pozytywna-wibracja.pl\/wp-content\/uploads\/2025\/12\/Certyfikat-KAMERTONY-300x212.jpg 300w, https:\/\/pozytywna-wibracja.pl\/wp-content\/uploads\/2025\/12\/Certyfikat-KAMERTONY-768x543.jpg 768w, https:\/\/pozytywna-wibracja.pl\/wp-content\/uploads\/2025\/12\/Certyfikat-KAMERTONY-1536x1087.jpg 1536w, https:\/\/pozytywna-wibracja.pl\/wp-content\/uploads\/2025\/12\/Certyfikat-KAMERTONY-2048x1449.jpg 2048w\" sizes=\"auto, (max-width: 1024px) 100vw, 1024px\" \/><\/figure>\n\n\n\n<p><strong>Powr\u00f3t<\/strong>&nbsp;<a href=\"https:\/\/pozytywna-wibracja.pl\/\">https:\/\/pozytywna-wibracja.pl\/<\/a><\/p>\n","protected":false},"excerpt":{"rendered":"<p>Certyfikat uprawniaj\u0105cy do obs\u0142ugi przyrz\u0105du Supertronic Supertronic to przyrz\u0105d diagnostyczny wykorzystuj\u0105cy metod\u0119 elektroakupunktury wg Volla (test EAV). Pomiar punkt\u00f3w akupunkturowych pozwala okre\u015bli\u0107 stan narz\u0105d\u00f3w wewn\u0119trznych. Metoda Volla nie jest przeznaczona do uzyskania diagnozy lekarskiej. Mo\u017ce by\u0107 wykorzystana do profilaktyki zdrowotnej poprzez wczesne wykrycie problem\u00f3w z funkcjonowaniem narz\u0105d\u00f3w. Za\u015bwiadczenie o odbytym szkoleniu &#8211; wolontariat w hospicjum [&hellip;]<\/p>\n","protected":false},"author":1,"featured_media":0,"parent":0,"menu_order":0,"comment_status":"closed","ping_status":"closed","template":"","meta":{"footnotes":""},"class_list":["post-251","page","type-page","status-publish","hentry"],"_links":{"self":[{"href":"https:\/\/pozytywna-wibracja.pl\/index.php?rest_route=\/wp\/v2\/pages\/251","targetHints":{"allow":["GET"]}}],"collection":[{"href":"https:\/\/pozytywna-wibracja.pl\/index.php?rest_route=\/wp\/v2\/pages"}],"about":[{"href":"https:\/\/pozytywna-wibracja.pl\/index.php?rest_route=\/wp\/v2\/types\/page"}],"author":[{"embeddable":true,"href":"https:\/\/pozytywna-wibracja.pl\/index.php?rest_route=\/wp\/v2\/users\/1"}],"replies":[{"embeddable":true,"href":"https:\/\/pozytywna-wibracja.pl\/index.php?rest_route=%2Fwp%2Fv2%2Fcomments&post=251"}],"version-history":[{"count":6,"href":"https:\/\/pozytywna-wibracja.pl\/index.php?rest_route=\/wp\/v2\/pages\/251\/revisions"}],"predecessor-version":[{"id":435,"href":"https:\/\/pozytywna-wibracja.pl\/index.php?rest_route=\/wp\/v2\/pages\/251\/revisions\/435"}],"wp:attachment":[{"href":"https:\/\/pozytywna-wibracja.pl\/index.php?rest_route=%2Fwp%2Fv2%2Fmedia&parent=251"}],"curies":[{"name":"wp","href":"https:\/\/api.w.org\/{rel}","templated":true}]}}