{"id":536,"date":"2026-03-11T14:34:58","date_gmt":"2026-03-11T13:34:58","guid":{"rendered":"https:\/\/pozytywna-wibracja.pl\/?page_id=536"},"modified":"2026-03-12T18:17:06","modified_gmt":"2026-03-12T17:17:06","slug":"tarczyca-jak-wspomoc","status":"publish","type":"page","link":"https:\/\/pozytywna-wibracja.pl\/?page_id=536","title":{"rendered":"Tarczyca &#8211; jak wspom\u00f3c"},"content":{"rendered":"\n<p><strong>Czy mo\u017cna wspom\u00f3c tarczyc\u0119 ? Tak, jest to mo\u017cliwe. Zaj\u0105\u0142em si\u0119 tym tematem i uda\u0142o si\u0119 to zrobi\u0107 w przypadku jednej osoby. <\/strong><\/p>\n\n\n\n<figure class=\"wp-block-image size-large\"><img loading=\"lazy\" decoding=\"async\" width=\"1024\" height=\"652\" src=\"https:\/\/pozytywna-wibracja.pl\/wp-content\/uploads\/2026\/03\/tarczyca-1-1024x652.jpg\" alt=\"\" class=\"wp-image-540\" srcset=\"https:\/\/pozytywna-wibracja.pl\/wp-content\/uploads\/2026\/03\/tarczyca-1-1024x652.jpg 1024w, https:\/\/pozytywna-wibracja.pl\/wp-content\/uploads\/2026\/03\/tarczyca-1-300x191.jpg 300w, https:\/\/pozytywna-wibracja.pl\/wp-content\/uploads\/2026\/03\/tarczyca-1-768x489.jpg 768w, https:\/\/pozytywna-wibracja.pl\/wp-content\/uploads\/2026\/03\/tarczyca-1.jpg 1100w\" sizes=\"auto, (max-width: 1024px) 100vw, 1024px\" \/><\/figure>\n\n\n\n<p><br><strong>Osoba ta w ostatnim czasie mia\u0142a coraz gorsze wyniki bada\u0144 tarczycy (m.in. poziom TSH). Przed ostatnim badaniem by\u0142a przeprowadzona terapia d\u017awi\u0119kiem oraz by\u0142y podane zalecenia, do kt\u00f3rych mia\u0142a si\u0119 stosowa\u0107.<br><br>Po pewnym czasie w przeprowadzonym badaniu warto\u015b\u0107 TSH wynios\u0142a 1,56 mIU\/L. Poprawi\u0142o si\u0119 samopoczucie. Od d\u0142u\u017cszego czasu osoba ta nie mia\u0142a tak dobrego wyniku badania na poziom TSH. Podobno najbardziej optymalne wyniki s\u0105 gdzie\u015b w po\u0142owie zakresu, mi\u0119dzy warto\u015bci\u0105 1,0 mIU\/L, a warto\u015bci\u0105 2,0 mIU\/L. Normy laboratoryjne TSH, podawane przy wynikach bada\u0144,  obejmuj\u0105 wi\u0119kszy zakres.<br><br>Sam wynik badania TSH o niczym nie \u015bwiadczy. S\u0105 te\u017c inne markery tarczycowe, kt\u00f3re nale\u017cy bra\u0107 pod uwag\u0119. Ale warto\u015b\u0107 TSH jest najwa\u017cniejszym podstawowym wska\u017anikiem informuj\u0105cym o pracy tarczycy. Zwykle wysoki poziom TSH wskazuje na niedoczynno\u015b\u0107 tarczycy (tzw. choroba Hashimoto), natomiast niski poziom TSH wskazuje na nadczynno\u015b\u0107 tarczycy.<\/strong><br><br><strong>Powr\u00f3t<\/strong>&nbsp;<a href=\"https:\/\/pozytywna-wibracja.pl\/\">https:\/\/pozytywna-wibracja.pl\/<\/a><br><\/p>\n","protected":false},"excerpt":{"rendered":"<p>Czy mo\u017cna wspom\u00f3c tarczyc\u0119 ? Tak, jest to mo\u017cliwe. Zaj\u0105\u0142em si\u0119 tym tematem i uda\u0142o si\u0119 to zrobi\u0107 w przypadku jednej osoby. Osoba ta w ostatnim czasie mia\u0142a coraz gorsze wyniki bada\u0144 tarczycy (m.in. poziom TSH). Przed ostatnim badaniem by\u0142a przeprowadzona terapia d\u017awi\u0119kiem oraz by\u0142y podane zalecenia, do kt\u00f3rych mia\u0142a si\u0119 stosowa\u0107. Po pewnym czasie [&hellip;]<\/p>\n","protected":false},"author":1,"featured_media":0,"parent":0,"menu_order":0,"comment_status":"closed","ping_status":"closed","template":"","meta":{"footnotes":""},"class_list":["post-536","page","type-page","status-publish","hentry"],"_links":{"self":[{"href":"https:\/\/pozytywna-wibracja.pl\/index.php?rest_route=\/wp\/v2\/pages\/536","targetHints":{"allow":["GET"]}}],"collection":[{"href":"https:\/\/pozytywna-wibracja.pl\/index.php?rest_route=\/wp\/v2\/pages"}],"about":[{"href":"https:\/\/pozytywna-wibracja.pl\/index.php?rest_route=\/wp\/v2\/types\/page"}],"author":[{"embeddable":true,"href":"https:\/\/pozytywna-wibracja.pl\/index.php?rest_route=\/wp\/v2\/users\/1"}],"replies":[{"embeddable":true,"href":"https:\/\/pozytywna-wibracja.pl\/index.php?rest_route=%2Fwp%2Fv2%2Fcomments&post=536"}],"version-history":[{"count":2,"href":"https:\/\/pozytywna-wibracja.pl\/index.php?rest_route=\/wp\/v2\/pages\/536\/revisions"}],"predecessor-version":[{"id":541,"href":"https:\/\/pozytywna-wibracja.pl\/index.php?rest_route=\/wp\/v2\/pages\/536\/revisions\/541"}],"wp:attachment":[{"href":"https:\/\/pozytywna-wibracja.pl\/index.php?rest_route=%2Fwp%2Fv2%2Fmedia&parent=536"}],"curies":[{"name":"wp","href":"https:\/\/api.w.org\/{rel}","templated":true}]}}