{"id":610,"date":"2026-04-06T23:18:39","date_gmt":"2026-04-06T21:18:39","guid":{"rendered":"https:\/\/pozytywna-wibracja.pl\/?page_id=610"},"modified":"2026-04-12T14:10:22","modified_gmt":"2026-04-12T12:10:22","slug":"zdrowe-dzieci","status":"publish","type":"page","link":"https:\/\/pozytywna-wibracja.pl\/?page_id=610","title":{"rendered":"Zdrowie dzieci"},"content":{"rendered":"\n<p><strong>Je\u015bli wa\u017cne jest dla Ciebie zdrowie dzieci, powiniene\u015b zapozna\u0107 si\u0119 z tymi informacjami. <br><br>Dziecko po zaka\u017ceniu paso\u017cytami staje si\u0119 powolne, roztargnione i kapry\u015bne. Sk\u00f3ra blednie i zmniejsza si\u0119 apetyt. Dziecko szybko si\u0119 m\u0119czy. Skar\u017cy si\u0119 na b\u00f3l g\u0142owy itp.<br><br>Przy zaka\u017ceniu t\u0119goryjcem zaobserwowano u dzieci cofni\u0119cie w rozwoju. Tasiemiec kar\u0142owaty wywo\u0142uje nadpobudliwo\u015b\u0107 nerwow\u0105. To przyk\u0142ady wp\u0142ywu paso\u017cyt\u00f3w na dziecko, a wiele jest r\u00f3\u017cnych paso\u017cyt\u00f3w.<br><br>Zara\u017cenie dzieci paso\u017cytami cz\u0119sto odbywa si\u0119 podczas rozwoju wewn\u0105trz \u0142ona matki, poprzez \u0142o\u017cysko. Mo\u017cliwe tutaj zaka\u017cenia to:<br>a) rz\u0119sistkowica (rz\u0119sistek trafia do cia\u0142a dziecka w pocz\u0105tkowej fazie ci\u0105\u017cy)<br>b) toksoplazmoza (toksoplazmy atakuj\u0105 m\u00f3zg dziecka)<br><br>Z kolei gdy dziecko urodzi si\u0119 zdrowe, r\u00f3wnie\u017c mo\u017ce doj\u015b\u0107 do jego zara\u017cenia paso\u017cytami poprzez kurz i brud, kontakt ze zwierz\u0119tami lub kontakt z innymi domownikami zaka\u017conymi paso\u017cytami.<br><br>Pozna\u0142em kiedy\u015b kogo\u015b. Osoba ta, b\u0119d\u0105c dzieckiem, bawi\u0142a si\u0119 z psem i du\u017co z nim przebywa\u0142a.<strong> <\/strong><mark style=\"background-color:rgba(0, 0, 0, 0);color:#2dd100\" class=\"has-inline-color\">Skutek &#8211; zaka\u017cenie oka i do dzisiaj nie widzi na to jedno oko.<\/mark><\/strong> <mark style=\"background-color:rgba(0, 0, 0, 0)\" class=\"has-inline-color has-contrast-color\"><strong>To wydarzy\u0142o si\u0119 dawno  temu i to by\u0142y inne czasy. Dlatego je\u015bli masz zwierz\u0119ta, zadbaj o nie i zapewnij odpowiednie warunki higieny.<\/strong><\/mark><strong><mark style=\"background-color:rgba(0, 0, 0, 0)\" class=\"has-inline-color has-contrast-color\"> <\/mark><\/strong><br><br><strong>Powr\u00f3t<\/strong>\u00a0<a href=\"https:\/\/pozytywna-wibracja.pl\/\">https:\/\/pozytywna-wibracja.pl\/<\/a><\/p>\n","protected":false},"excerpt":{"rendered":"<p>Je\u015bli wa\u017cne jest dla Ciebie zdrowie dzieci, powiniene\u015b zapozna\u0107 si\u0119 z tymi informacjami. Dziecko po zaka\u017ceniu paso\u017cytami staje si\u0119 powolne, roztargnione i kapry\u015bne. Sk\u00f3ra blednie i zmniejsza si\u0119 apetyt. Dziecko szybko si\u0119 m\u0119czy. Skar\u017cy si\u0119 na b\u00f3l g\u0142owy itp. Przy zaka\u017ceniu t\u0119goryjcem zaobserwowano u dzieci cofni\u0119cie w rozwoju. Tasiemiec kar\u0142owaty wywo\u0142uje nadpobudliwo\u015b\u0107 nerwow\u0105. To przyk\u0142ady [&hellip;]<\/p>\n","protected":false},"author":1,"featured_media":0,"parent":0,"menu_order":0,"comment_status":"closed","ping_status":"closed","template":"","meta":{"footnotes":""},"class_list":["post-610","page","type-page","status-publish","hentry"],"_links":{"self":[{"href":"https:\/\/pozytywna-wibracja.pl\/index.php?rest_route=\/wp\/v2\/pages\/610","targetHints":{"allow":["GET"]}}],"collection":[{"href":"https:\/\/pozytywna-wibracja.pl\/index.php?rest_route=\/wp\/v2\/pages"}],"about":[{"href":"https:\/\/pozytywna-wibracja.pl\/index.php?rest_route=\/wp\/v2\/types\/page"}],"author":[{"embeddable":true,"href":"https:\/\/pozytywna-wibracja.pl\/index.php?rest_route=\/wp\/v2\/users\/1"}],"replies":[{"embeddable":true,"href":"https:\/\/pozytywna-wibracja.pl\/index.php?rest_route=%2Fwp%2Fv2%2Fcomments&post=610"}],"version-history":[{"count":8,"href":"https:\/\/pozytywna-wibracja.pl\/index.php?rest_route=\/wp\/v2\/pages\/610\/revisions"}],"predecessor-version":[{"id":630,"href":"https:\/\/pozytywna-wibracja.pl\/index.php?rest_route=\/wp\/v2\/pages\/610\/revisions\/630"}],"wp:attachment":[{"href":"https:\/\/pozytywna-wibracja.pl\/index.php?rest_route=%2Fwp%2Fv2%2Fmedia&parent=610"}],"curies":[{"name":"wp","href":"https:\/\/api.w.org\/{rel}","templated":true}]}}