{"id":636,"date":"2026-04-16T23:10:34","date_gmt":"2026-04-16T21:10:34","guid":{"rendered":"https:\/\/pozytywna-wibracja.pl\/?page_id=636"},"modified":"2026-04-17T01:01:15","modified_gmt":"2026-04-16T23:01:15","slug":"terapia-dzwiekiem","status":"publish","type":"page","link":"https:\/\/pozytywna-wibracja.pl\/?page_id=636","title":{"rendered":"Terapia d\u017awi\u0119kiem"},"content":{"rendered":"\n<p><br><strong>Terapia d\u017awi\u0119kiem to bezinwazyjna i bezpieczna metoda, kt\u00f3ra wykorzystuje <mark style=\"background-color:rgba(0, 0, 0, 0);color:#2dd100\" class=\"has-inline-color\">fale d\u017awi\u0119kowe oraz wibracje<\/mark> do wspierania zdrowia fizycznego i psychicznego. <\/strong><br><br><strong>Fale d\u017awi\u0119kowe oddzia\u0142uj\u0105 na uk\u0142ad nerwowy, przez co zmniejszaj\u0105 napi\u0119cie, redukuj\u0105 stres i wywo\u0142uj\u0105 stan g\u0142\u0119bokiego relaksu. <\/strong><strong>Fale d\u017awi\u0119kowe bardzo dobrze rozchodz\u0105 si\u0119 w wodzie (woda stanowi oko\u0142o 70% cia\u0142a doros\u0142ego cz\u0142owieka). Natomiast wibracje g\u0142\u0119boko wnikaj\u0105 do tkanek cia\u0142a, poprawiaj\u0105c kr\u0105\u017cenie, rozlu\u017aniaj\u0105c mi\u0119\u015bnie i wp\u0142ywaj\u0105c na regeneracj\u0119.<\/strong><\/p>\n\n\n\n<figure class=\"wp-block-image size-large\"><img loading=\"lazy\" decoding=\"async\" width=\"1024\" height=\"768\" src=\"https:\/\/pozytywna-wibracja.pl\/wp-content\/uploads\/2026\/04\/IMG_20260108_135805_978-1024x768.jpg\" alt=\"\" class=\"wp-image-638\" srcset=\"https:\/\/pozytywna-wibracja.pl\/wp-content\/uploads\/2026\/04\/IMG_20260108_135805_978-1024x768.jpg 1024w, https:\/\/pozytywna-wibracja.pl\/wp-content\/uploads\/2026\/04\/IMG_20260108_135805_978-300x225.jpg 300w, https:\/\/pozytywna-wibracja.pl\/wp-content\/uploads\/2026\/04\/IMG_20260108_135805_978-768x576.jpg 768w, https:\/\/pozytywna-wibracja.pl\/wp-content\/uploads\/2026\/04\/IMG_20260108_135805_978-1536x1152.jpg 1536w, https:\/\/pozytywna-wibracja.pl\/wp-content\/uploads\/2026\/04\/IMG_20260108_135805_978-2048x1536.jpg 2048w\" sizes=\"auto, (max-width: 1024px) 100vw, 1024px\" \/><\/figure>\n\n\n\n<p><strong><mark style=\"background-color:rgba(0, 0, 0, 0);color:#2dd100\" class=\"has-inline-color\">Terapia d\u017awi\u0119kiem obejmuje:<br>a) s\u0142uchanie d\u017awi\u0119k\u00f3w<\/mark> wydobywaj\u0105cych si\u0119 z mis d\u017awi\u0119kowych lub kamerton\u00f3w (terapia bezdotykowa)<br><mark style=\"background-color:rgba(0, 0, 0, 0);color:#2dd100\" class=\"has-inline-color\">b) masa\u017c, zabieg relaksacyjny<\/mark> &#8211; oddzia\u0142ywanie w wyniku kontaktu z cia\u0142em drgaj\u0105cej misy d\u017awi\u0119kowej lub kamertonu (terapia dotykowa).<\/strong><br><strong><br>Misy d\u017awi\u0119kowe lub kamertony s\u0105 ustawiane na ciele lub  jego pobli\u017cu, aby wprowadzi\u0107 organizm w wibracje. Mis\u0119 d\u017awi\u0119kow\u0105 lub kamerton przyk\u0142adamy do cia\u0142a w takich miejscach, jak plecy czy brzuch. Do okre\u015blenia miejsca kontaktu na ciele mo\u017cna wykorzysta\u0107 r\u00f3wnie\u017c punkty z akupunktury. <br><br>Uderzenie pa\u0142eczk\u0105 w umieszczon\u0105 na ciele mis\u0119 d\u017awi\u0119kow\u0105 lub kamerton wywo\u0142uje wibracje. Powstaj\u0105ce wibracje s\u0105 przyjemne. Masuj\u0105 i wnikaj\u0105 do tkanek cia\u0142a, przez co wp\u0142ywaj\u0105 na zmniejszenie b\u00f3lu mi\u0119\u015bni, staw\u00f3w i ko\u015bci.<\/strong><\/p>\n\n\n\n<p><strong>Terapia d\u017awi\u0119kiem nie polega na masa\u017cu za pomoc\u0105 r\u0105k przez ich kontakt z cia\u0142em. Nie s\u0105 stosowane olejki do masa\u017cu. Jedyny kontakt z cia\u0142em to przy\u0142o\u017cenie do cia\u0142a drgaj\u0105cej misy d\u017awi\u0119kowej lub drgaj\u0105cego kamertonu.<\/strong><br><br><mark style=\"background-color:rgba(0, 0, 0, 0);color:#2dd100\" class=\"has-inline-color\"><strong>Terapia d\u017awi\u0119kiem &#8211; pierwsza sesja jest za darmo.<\/strong><\/mark><strong> Mo\u017cesz zobaczy\u0107, jak dzia\u0142a terapia d\u017awi\u0119kowa i nic za to nie p\u0142acisz.<\/strong><br><br><strong>Powr\u00f3t<\/strong>\u00a0<a href=\"https:\/\/pozytywna-wibracja.pl\/\">https:\/\/pozytywna-wibracja.pl\/<\/a><\/p>\n","protected":false},"excerpt":{"rendered":"<p>Terapia d\u017awi\u0119kiem to bezinwazyjna i bezpieczna metoda, kt\u00f3ra wykorzystuje fale d\u017awi\u0119kowe oraz wibracje do wspierania zdrowia fizycznego i psychicznego. Fale d\u017awi\u0119kowe oddzia\u0142uj\u0105 na uk\u0142ad nerwowy, przez co zmniejszaj\u0105 napi\u0119cie, redukuj\u0105 stres i wywo\u0142uj\u0105 stan g\u0142\u0119bokiego relaksu. Fale d\u017awi\u0119kowe bardzo dobrze rozchodz\u0105 si\u0119 w wodzie (woda stanowi oko\u0142o 70% cia\u0142a doros\u0142ego cz\u0142owieka). Natomiast wibracje g\u0142\u0119boko wnikaj\u0105 [&hellip;]<\/p>\n","protected":false},"author":1,"featured_media":0,"parent":0,"menu_order":0,"comment_status":"closed","ping_status":"closed","template":"","meta":{"footnotes":""},"class_list":["post-636","page","type-page","status-publish","hentry"],"_links":{"self":[{"href":"https:\/\/pozytywna-wibracja.pl\/index.php?rest_route=\/wp\/v2\/pages\/636","targetHints":{"allow":["GET"]}}],"collection":[{"href":"https:\/\/pozytywna-wibracja.pl\/index.php?rest_route=\/wp\/v2\/pages"}],"about":[{"href":"https:\/\/pozytywna-wibracja.pl\/index.php?rest_route=\/wp\/v2\/types\/page"}],"author":[{"embeddable":true,"href":"https:\/\/pozytywna-wibracja.pl\/index.php?rest_route=\/wp\/v2\/users\/1"}],"replies":[{"embeddable":true,"href":"https:\/\/pozytywna-wibracja.pl\/index.php?rest_route=%2Fwp%2Fv2%2Fcomments&post=636"}],"version-history":[{"count":11,"href":"https:\/\/pozytywna-wibracja.pl\/index.php?rest_route=\/wp\/v2\/pages\/636\/revisions"}],"predecessor-version":[{"id":650,"href":"https:\/\/pozytywna-wibracja.pl\/index.php?rest_route=\/wp\/v2\/pages\/636\/revisions\/650"}],"wp:attachment":[{"href":"https:\/\/pozytywna-wibracja.pl\/index.php?rest_route=%2Fwp%2Fv2%2Fmedia&parent=636"}],"curies":[{"name":"wp","href":"https:\/\/api.w.org\/{rel}","templated":true}]}}